{"id":644,"date":"2018-06-18T14:12:35","date_gmt":"2018-06-18T17:12:35","guid":{"rendered":"https:\/\/isip-crr.infd.edu.ar\/sitio\/?page_id=644"},"modified":"2021-04-27T18:41:34","modified_gmt":"2021-04-27T21:41:34","slug":"catalogo","status":"publish","type":"page","link":"https:\/\/isip-crr.infd.edu.ar\/sitio\/catalogo\/","title":{"rendered":"Carreras"},"content":{"rendered":"<h2 style=\"text-align: center;\"><a href=\"https:\/\/isip-crr.infd.edu.ar\/sitio\/catalogo\/plan-de-estudio\/\" target=\"_blank\" rel=\"noopener\"><strong>Profesorado de Educaci\u00f3n Secundaria en la Modalidad T\u00e9cnico <\/strong><strong>Profesional en concurrencia con el t\u00edtulo de base.<\/strong><\/a><\/h2>\n<p><img decoding=\"async\" loading=\"lazy\" class=\"size-medium aligncenter\" src=\"https:\/\/image.freepik.com\/free-photo\/engineers-technicians-dressed-orange-are-using-computer-office_39345-1.jpg\" width=\"626\" height=\"418\" \/><\/p>\n<h2 style=\"text-align: center;\"><a href=\"https:\/\/isip-crr.infd.edu.ar\/sitio\/diplomatura-superior-en-innovacion-educativa\/\" target=\"_blank\" rel=\"noopener\"><strong>Diplomatura Superior en <\/strong><strong>Innovaci\u00f3n Educativa<\/strong><\/a><\/h2>\n<p><img decoding=\"async\" loading=\"lazy\" class=\"alignnone size-medium wp-image-836\" src=\"https:\/\/isip-crr.infd.edu.ar\/sitio\/wp-content\/uploads\/2021\/04\/DiplomaturaPAGINA-1000x524.jpg\" alt=\"\" width=\"1000\" height=\"524\" srcset=\"https:\/\/isip-crr.infd.edu.ar\/sitio\/wp-content\/uploads\/2021\/04\/DiplomaturaPAGINA-1000x524.jpg 1000w, https:\/\/isip-crr.infd.edu.ar\/sitio\/wp-content\/uploads\/2021\/04\/DiplomaturaPAGINA-768x402.jpg 768w, https:\/\/isip-crr.infd.edu.ar\/sitio\/wp-content\/uploads\/2021\/04\/DiplomaturaPAGINA.jpg 1080w\" sizes=\"(max-width: 1000px) 100vw, 1000px\" \/><\/p>\n","protected":false},"excerpt":{"rendered":"<p>Profesorado de Educaci\u00f3n Secundaria en la Modalidad T\u00e9cnico Profesional en concurrencia con el t\u00edtulo de base. Diplomatura Superior en Innovaci\u00f3n Educativa<\/p>\n","protected":false},"author":1,"featured_media":0,"parent":0,"menu_order":0,"comment_status":"closed","ping_status":"closed","template":"","meta":[],"acf":[],"_links":{"self":[{"href":"https:\/\/isip-crr.infd.edu.ar\/sitio\/wp-json\/wp\/v2\/pages\/644"}],"collection":[{"href":"https:\/\/isip-crr.infd.edu.ar\/sitio\/wp-json\/wp\/v2\/pages"}],"about":[{"href":"https:\/\/isip-crr.infd.edu.ar\/sitio\/wp-json\/wp\/v2\/types\/page"}],"author":[{"embeddable":true,"href":"https:\/\/isip-crr.infd.edu.ar\/sitio\/wp-json\/wp\/v2\/users\/1"}],"replies":[{"embeddable":true,"href":"https:\/\/isip-crr.infd.edu.ar\/sitio\/wp-json\/wp\/v2\/comments?post=644"}],"version-history":[{"count":13,"href":"https:\/\/isip-crr.infd.edu.ar\/sitio\/wp-json\/wp\/v2\/pages\/644\/revisions"}],"predecessor-version":[{"id":839,"href":"https:\/\/isip-crr.infd.edu.ar\/sitio\/wp-json\/wp\/v2\/pages\/644\/revisions\/839"}],"wp:attachment":[{"href":"https:\/\/isip-crr.infd.edu.ar\/sitio\/wp-json\/wp\/v2\/media?parent=644"}],"curies":[{"name":"wp","href":"https:\/\/api.w.org\/{rel}","templated":true}]}}