{"id":831,"date":"2021-04-22T17:31:03","date_gmt":"2021-04-22T20:31:03","guid":{"rendered":"https:\/\/isip-crr.infd.edu.ar\/sitio\/?page_id=831"},"modified":"2021-04-26T20:17:06","modified_gmt":"2021-04-26T23:17:06","slug":"diplomatura-superior-en-innovacion-educativa","status":"publish","type":"page","link":"https:\/\/isip-crr.infd.edu.ar\/sitio\/diplomatura-superior-en-innovacion-educativa\/","title":{"rendered":"Diplomatura Superior en Innovaci\u00f3n Educativa"},"content":{"rendered":"<h3><strong>REQUISITOS DE ADMISI\u00d3N:<\/strong><\/h3>\n<p>Presentaci\u00f3n de t\u00edtulo docente, curr\u00edculum vitae abreviado, fotocopia de la partida de nacimiento y fotocopia del documento nacional de identidad. En caso de que se considere necesario se solicitar\u00e1 una entrevista con el aspirante.<\/p>\n<h3><strong>MODALIDAD DE CURSADO:<\/strong><\/h3>\n<p>El r\u00e9gimen acad\u00e9mico propone una estructura curricular que permita habilitar espacios formativos flexibles sostenidos con modalidades de cursado articulando a trav\u00e9s de la plataforma del INFoD y clases sincr\u00f3nicas en zoom.<\/p>\n<h3><strong>DESTINATARIOS:\u00a0<\/strong><\/h3>\n<ul>\n<li>Docentes de todos los niveles del sistema educativo.<\/li>\n<\/ul>\n<h3><strong>PERFIL DEL EGRESADO:<\/strong><\/h3>\n<p>El\/la Diplomado\/a Superior en Innovaci\u00f3n Educativa es el profesional que integra en su formaci\u00f3n diferentes competencias que construyen un perfil con las siguientes capacidades:<\/p>\n<ul>\n<li>Generar propuestas de innovaci\u00f3n curricular en las instituciones educativas de desempe\u00f1o profesional incluyendo las nuevas tecnolog\u00edas.<\/li>\n<li>Prestar servicios profesionales de asesor\u00eda en los procesos de innovaci\u00f3n e inclusi\u00f3n de las nuevas tecnolog\u00eda en la pr\u00e1ctica docente.<\/li>\n<li>Integrar el equipo de conducci\u00f3n institucional y coordinar las diferentes propuestas de innovaci\u00f3n pedag\u00f3gica.<\/li>\n<li>Asesorar y liderar comisiones interdisciplinarias que apueste a la innovaci\u00f3n pedag\u00f3gica.<\/li>\n<\/ul>\n","protected":false},"excerpt":{"rendered":"<p>REQUISITOS DE ADMISI\u00d3N: Presentaci\u00f3n de t\u00edtulo docente, curr\u00edculum vitae abreviado, fotocopia de la partida de nacimiento y fotocopia del documento nacional de identidad. En caso de que se considere necesario se solicitar\u00e1 una entrevista con el aspirante. MODALIDAD DE CURSADO: El r\u00e9gimen acad\u00e9mico propone una estructura curricular que permita habilitar espacios formativos flexibles sostenidos con &#8230; <a title=\"Diplomatura Superior en Innovaci\u00f3n Educativa\" class=\"read-more\" href=\"https:\/\/isip-crr.infd.edu.ar\/sitio\/diplomatura-superior-en-innovacion-educativa\/\" aria-label=\"More on Diplomatura Superior en Innovaci\u00f3n Educativa\">[+]<\/a><\/p>\n","protected":false},"author":11,"featured_media":0,"parent":0,"menu_order":0,"comment_status":"closed","ping_status":"closed","template":"","meta":[],"acf":[],"_links":{"self":[{"href":"https:\/\/isip-crr.infd.edu.ar\/sitio\/wp-json\/wp\/v2\/pages\/831"}],"collection":[{"href":"https:\/\/isip-crr.infd.edu.ar\/sitio\/wp-json\/wp\/v2\/pages"}],"about":[{"href":"https:\/\/isip-crr.infd.edu.ar\/sitio\/wp-json\/wp\/v2\/types\/page"}],"author":[{"embeddable":true,"href":"https:\/\/isip-crr.infd.edu.ar\/sitio\/wp-json\/wp\/v2\/users\/11"}],"replies":[{"embeddable":true,"href":"https:\/\/isip-crr.infd.edu.ar\/sitio\/wp-json\/wp\/v2\/comments?post=831"}],"version-history":[{"count":4,"href":"https:\/\/isip-crr.infd.edu.ar\/sitio\/wp-json\/wp\/v2\/pages\/831\/revisions"}],"predecessor-version":[{"id":838,"href":"https:\/\/isip-crr.infd.edu.ar\/sitio\/wp-json\/wp\/v2\/pages\/831\/revisions\/838"}],"wp:attachment":[{"href":"https:\/\/isip-crr.infd.edu.ar\/sitio\/wp-json\/wp\/v2\/media?parent=831"}],"curies":[{"name":"wp","href":"https:\/\/api.w.org\/{rel}","templated":true}]}}