{"id":843,"date":"2022-10-27T15:49:19","date_gmt":"2022-10-27T18:49:19","guid":{"rendered":"https:\/\/isip-crr.infd.edu.ar\/sitio\/?page_id=843"},"modified":"2022-10-27T16:11:34","modified_gmt":"2022-10-27T19:11:34","slug":"formacion-docente-inicial","status":"publish","type":"page","link":"https:\/\/isip-crr.infd.edu.ar\/sitio\/formacion-docente-inicial\/","title":{"rendered":"FORMACI\u00d3N DOCENTE INICIAL"},"content":{"rendered":"\n<p class=\"has-text-align-center\">El Instituto ofrece la carrera <strong>\u201cProfesorado de Educaci\u00f3n Secundaria en la Modalidad T\u00e9cnico Profesional en concurrencia con el T\u00edtulo de Base\u201d<\/strong> habilitado por Resoluci\u00f3n Ministerial 6494\/20. Dicha carrera promueve una formaci\u00f3n focalizada en la Educaci\u00f3n T\u00e9cnica y todas las c\u00e1tedras brindan metodolog\u00edas activas de ense\u00f1anza para que los estudiantes desempe\u00f1en un rol protag\u00f3nico en sus aprendizajes y participen en actividades que fomenten el intercambio de experiencias.<\/p>\n\n\n\n<p class=\"has-text-align-center\">Asimismo se destaca como eje central de innovaci\u00f3n en la propuesta acad\u00e9mica \u201cel trabajo colaborativo\u201d, los cursantes realizan sus actividades en equipo y desarrollan procesos de reflexi\u00f3n sobre lo que hacen, c\u00f3mo lo hacen y qu\u00e9 resultados logran.<\/p>\n\n\n\n<figure class=\"wp-block-gallery aligncenter columns-3 is-cropped wp-block-gallery-1 is-layout-flex\"><ul class=\"blocks-gallery-grid\"><li class=\"blocks-gallery-item\"><figure><img decoding=\"async\" loading=\"lazy\" width=\"1200\" height=\"1600\" src=\"https:\/\/isip-crr.infd.edu.ar\/sitio\/wp-content\/uploads\/2022\/10\/WhatsApp-Image-2022-10-26-at-22.19.34.jpeg\" alt=\"\" data-id=\"846\" data-full-url=\"https:\/\/isip-crr.infd.edu.ar\/sitio\/wp-content\/uploads\/2022\/10\/WhatsApp-Image-2022-10-26-at-22.19.34.jpeg\" data-link=\"https:\/\/isip-crr.infd.edu.ar\/sitio\/?attachment_id=846#main\" class=\"wp-image-846\" srcset=\"https:\/\/isip-crr.infd.edu.ar\/sitio\/wp-content\/uploads\/2022\/10\/WhatsApp-Image-2022-10-26-at-22.19.34.jpeg 1200w, https:\/\/isip-crr.infd.edu.ar\/sitio\/wp-content\/uploads\/2022\/10\/WhatsApp-Image-2022-10-26-at-22.19.34-750x1000.jpeg 750w, https:\/\/isip-crr.infd.edu.ar\/sitio\/wp-content\/uploads\/2022\/10\/WhatsApp-Image-2022-10-26-at-22.19.34-768x1024.jpeg 768w, https:\/\/isip-crr.infd.edu.ar\/sitio\/wp-content\/uploads\/2022\/10\/WhatsApp-Image-2022-10-26-at-22.19.34-1152x1536.jpeg 1152w\" sizes=\"(max-width: 1200px) 100vw, 1200px\" \/><\/figure><\/li><li class=\"blocks-gallery-item\"><figure><img decoding=\"async\" loading=\"lazy\" width=\"1200\" height=\"1600\" src=\"https:\/\/isip-crr.infd.edu.ar\/sitio\/wp-content\/uploads\/2022\/10\/WhatsApp-Image-2022-10-26-at-22.17.49-1.jpeg\" alt=\"\" data-id=\"858\" data-full-url=\"https:\/\/isip-crr.infd.edu.ar\/sitio\/wp-content\/uploads\/2022\/10\/WhatsApp-Image-2022-10-26-at-22.17.49-1.jpeg\" data-link=\"https:\/\/isip-crr.infd.edu.ar\/sitio\/formacion-docente-inicial\/whatsapp-image-2022-10-26-at-22-17-49-1\/#main\" class=\"wp-image-858\" srcset=\"https:\/\/isip-crr.infd.edu.ar\/sitio\/wp-content\/uploads\/2022\/10\/WhatsApp-Image-2022-10-26-at-22.17.49-1.jpeg 1200w, https:\/\/isip-crr.infd.edu.ar\/sitio\/wp-content\/uploads\/2022\/10\/WhatsApp-Image-2022-10-26-at-22.17.49-1-750x1000.jpeg 750w, https:\/\/isip-crr.infd.edu.ar\/sitio\/wp-content\/uploads\/2022\/10\/WhatsApp-Image-2022-10-26-at-22.17.49-1-768x1024.jpeg 768w, https:\/\/isip-crr.infd.edu.ar\/sitio\/wp-content\/uploads\/2022\/10\/WhatsApp-Image-2022-10-26-at-22.17.49-1-1152x1536.jpeg 1152w\" sizes=\"(max-width: 1200px) 100vw, 1200px\" \/><\/figure><\/li><li class=\"blocks-gallery-item\"><figure><img decoding=\"async\" loading=\"lazy\" width=\"1600\" height=\"1200\" src=\"https:\/\/isip-crr.infd.edu.ar\/sitio\/wp-content\/uploads\/2022\/10\/WhatsApp-Image-2022-10-26-at-22.21.18-1.jpeg\" alt=\"\" data-id=\"857\" data-full-url=\"https:\/\/isip-crr.infd.edu.ar\/sitio\/wp-content\/uploads\/2022\/10\/WhatsApp-Image-2022-10-26-at-22.21.18-1.jpeg\" data-link=\"https:\/\/isip-crr.infd.edu.ar\/sitio\/formacion-docente-inicial\/whatsapp-image-2022-10-26-at-22-21-18-1\/#main\" class=\"wp-image-857\" srcset=\"https:\/\/isip-crr.infd.edu.ar\/sitio\/wp-content\/uploads\/2022\/10\/WhatsApp-Image-2022-10-26-at-22.21.18-1.jpeg 1600w, https:\/\/isip-crr.infd.edu.ar\/sitio\/wp-content\/uploads\/2022\/10\/WhatsApp-Image-2022-10-26-at-22.21.18-1-1000x750.jpeg 1000w, https:\/\/isip-crr.infd.edu.ar\/sitio\/wp-content\/uploads\/2022\/10\/WhatsApp-Image-2022-10-26-at-22.21.18-1-768x576.jpeg 768w, https:\/\/isip-crr.infd.edu.ar\/sitio\/wp-content\/uploads\/2022\/10\/WhatsApp-Image-2022-10-26-at-22.21.18-1-1536x1152.jpeg 1536w\" sizes=\"(max-width: 1600px) 100vw, 1600px\" \/><\/figure><\/li><li class=\"blocks-gallery-item\"><figure><img decoding=\"async\" loading=\"lazy\" width=\"1600\" height=\"775\" src=\"https:\/\/isip-crr.infd.edu.ar\/sitio\/wp-content\/uploads\/2022\/10\/WhatsApp-Image-2022-10-26-at-22.22.36.jpg\" alt=\"\" data-id=\"859\" data-full-url=\"https:\/\/isip-crr.infd.edu.ar\/sitio\/wp-content\/uploads\/2022\/10\/WhatsApp-Image-2022-10-26-at-22.22.36.jpg\" data-link=\"https:\/\/isip-crr.infd.edu.ar\/sitio\/formacion-docente-inicial\/whatsapp-image-2022-10-26-at-22-22-36-2\/#main\" class=\"wp-image-859\" srcset=\"https:\/\/isip-crr.infd.edu.ar\/sitio\/wp-content\/uploads\/2022\/10\/WhatsApp-Image-2022-10-26-at-22.22.36.jpg 1600w, https:\/\/isip-crr.infd.edu.ar\/sitio\/wp-content\/uploads\/2022\/10\/WhatsApp-Image-2022-10-26-at-22.22.36-1000x484.jpg 1000w, https:\/\/isip-crr.infd.edu.ar\/sitio\/wp-content\/uploads\/2022\/10\/WhatsApp-Image-2022-10-26-at-22.22.36-768x372.jpg 768w, https:\/\/isip-crr.infd.edu.ar\/sitio\/wp-content\/uploads\/2022\/10\/WhatsApp-Image-2022-10-26-at-22.22.36-1536x744.jpg 1536w\" sizes=\"(max-width: 1600px) 100vw, 1600px\" \/><\/figure><\/li><\/ul><\/figure>\n","protected":false},"excerpt":{"rendered":"<p>El Instituto ofrece la carrera \u201cProfesorado de Educaci\u00f3n Secundaria en la Modalidad T\u00e9cnico Profesional en concurrencia con el T\u00edtulo de Base\u201d habilitado por Resoluci\u00f3n Ministerial 6494\/20. Dicha carrera promueve una formaci\u00f3n focalizada en la Educaci\u00f3n T\u00e9cnica y todas las c\u00e1tedras brindan metodolog\u00edas activas de ense\u00f1anza para que los estudiantes desempe\u00f1en un rol protag\u00f3nico en sus &#8230; <a title=\"FORMACI\u00d3N DOCENTE INICIAL\" class=\"read-more\" href=\"https:\/\/isip-crr.infd.edu.ar\/sitio\/formacion-docente-inicial\/\" aria-label=\"More on FORMACI\u00d3N DOCENTE INICIAL\">[+]<\/a><\/p>\n","protected":false},"author":11,"featured_media":0,"parent":0,"menu_order":0,"comment_status":"closed","ping_status":"closed","template":"","meta":[],"acf":[],"_links":{"self":[{"href":"https:\/\/isip-crr.infd.edu.ar\/sitio\/wp-json\/wp\/v2\/pages\/843"}],"collection":[{"href":"https:\/\/isip-crr.infd.edu.ar\/sitio\/wp-json\/wp\/v2\/pages"}],"about":[{"href":"https:\/\/isip-crr.infd.edu.ar\/sitio\/wp-json\/wp\/v2\/types\/page"}],"author":[{"embeddable":true,"href":"https:\/\/isip-crr.infd.edu.ar\/sitio\/wp-json\/wp\/v2\/users\/11"}],"replies":[{"embeddable":true,"href":"https:\/\/isip-crr.infd.edu.ar\/sitio\/wp-json\/wp\/v2\/comments?post=843"}],"version-history":[{"count":2,"href":"https:\/\/isip-crr.infd.edu.ar\/sitio\/wp-json\/wp\/v2\/pages\/843\/revisions"}],"predecessor-version":[{"id":860,"href":"https:\/\/isip-crr.infd.edu.ar\/sitio\/wp-json\/wp\/v2\/pages\/843\/revisions\/860"}],"wp:attachment":[{"href":"https:\/\/isip-crr.infd.edu.ar\/sitio\/wp-json\/wp\/v2\/media?parent=843"}],"curies":[{"name":"wp","href":"https:\/\/api.w.org\/{rel}","templated":true}]}}