{"id":852,"date":"2022-10-27T16:09:38","date_gmt":"2022-10-27T19:09:38","guid":{"rendered":"https:\/\/isip-crr.infd.edu.ar\/sitio\/?page_id=852"},"modified":"2022-10-27T16:09:39","modified_gmt":"2022-10-27T19:09:39","slug":"formacion-docente-continua","status":"publish","type":"page","link":"https:\/\/isip-crr.infd.edu.ar\/sitio\/formacion-docente-continua\/","title":{"rendered":"FORMACI\u00d3N DOCENTE CONTINUA"},"content":{"rendered":"\n<p><strong>\u201cDiplomatura Superior en Innovaci\u00f3n Educativa\u201d &#8211; Resoluci\u00f3n Ministerial N\u00b0: 4272\/20<\/strong><\/p>\n\n\n\n<p>La propuesta formativa consiste en una carrera de Formaci\u00f3n Docente Continua de Post\u00edtulo y tiene como finalidad principal atender los nuevos desaf\u00edos educativos, brindando estrategias de ense\u00f1anza en entornos virtuales y utilizaci\u00f3n de diferentes recursos digitales asociados a las buenas pr\u00e1cticas de ense\u00f1anza. Otorga como certificaci\u00f3n final el T\u00edtulo de DIPLOMADO SUPERIOR EN INNOVACI\u00d3N EDUCATIVA avalado por el Ministerio de Educaci\u00f3n de la Provincia.<\/p>\n\n\n\n<p>En cuanto al cuerpo acad\u00e9mico, integran docentes especializados de reconocida trayectoria. La conferencia inaugural estuvo a cargo de la pedagoga Rebeca Anijovich.<\/p>\n\n\n\n<figure class=\"wp-block-gallery columns-2 is-cropped wp-block-gallery-1 is-layout-flex\"><ul class=\"blocks-gallery-grid\"><li class=\"blocks-gallery-item\"><figure><img decoding=\"async\" loading=\"lazy\" width=\"960\" height=\"620\" src=\"https:\/\/isip-crr.infd.edu.ar\/sitio\/wp-content\/uploads\/2022\/10\/275030143_485556906596577_4655152018131839751_n.jpg\" alt=\"\" data-id=\"853\" data-full-url=\"https:\/\/isip-crr.infd.edu.ar\/sitio\/wp-content\/uploads\/2022\/10\/275030143_485556906596577_4655152018131839751_n.jpg\" data-link=\"https:\/\/isip-crr.infd.edu.ar\/sitio\/?attachment_id=853#main\" class=\"wp-image-853\" srcset=\"https:\/\/isip-crr.infd.edu.ar\/sitio\/wp-content\/uploads\/2022\/10\/275030143_485556906596577_4655152018131839751_n.jpg 960w, https:\/\/isip-crr.infd.edu.ar\/sitio\/wp-content\/uploads\/2022\/10\/275030143_485556906596577_4655152018131839751_n-768x496.jpg 768w\" sizes=\"(max-width: 960px) 100vw, 960px\" \/><\/figure><\/li><li class=\"blocks-gallery-item\"><figure><img decoding=\"async\" loading=\"lazy\" width=\"1007\" height=\"846\" src=\"https:\/\/isip-crr.infd.edu.ar\/sitio\/wp-content\/uploads\/2022\/10\/WhatsApp-Image-2022-10-26-at-22.23.55.jpeg\" alt=\"\" data-id=\"854\" data-full-url=\"https:\/\/isip-crr.infd.edu.ar\/sitio\/wp-content\/uploads\/2022\/10\/WhatsApp-Image-2022-10-26-at-22.23.55.jpeg\" data-link=\"https:\/\/isip-crr.infd.edu.ar\/sitio\/?attachment_id=854#main\" class=\"wp-image-854\" srcset=\"https:\/\/isip-crr.infd.edu.ar\/sitio\/wp-content\/uploads\/2022\/10\/WhatsApp-Image-2022-10-26-at-22.23.55.jpeg 1007w, https:\/\/isip-crr.infd.edu.ar\/sitio\/wp-content\/uploads\/2022\/10\/WhatsApp-Image-2022-10-26-at-22.23.55-1000x840.jpeg 1000w, https:\/\/isip-crr.infd.edu.ar\/sitio\/wp-content\/uploads\/2022\/10\/WhatsApp-Image-2022-10-26-at-22.23.55-768x645.jpeg 768w\" sizes=\"(max-width: 1007px) 100vw, 1007px\" \/><\/figure><\/li><\/ul><\/figure>\n","protected":false},"excerpt":{"rendered":"<p>\u201cDiplomatura Superior en Innovaci\u00f3n Educativa\u201d &#8211; Resoluci\u00f3n Ministerial N\u00b0: 4272\/20 La propuesta formativa consiste en una carrera de Formaci\u00f3n Docente Continua de Post\u00edtulo y tiene como finalidad principal atender los nuevos desaf\u00edos educativos, brindando estrategias de ense\u00f1anza en entornos virtuales y utilizaci\u00f3n de diferentes recursos digitales asociados a las buenas pr\u00e1cticas de ense\u00f1anza. Otorga como &#8230; <a title=\"FORMACI\u00d3N DOCENTE CONTINUA\" class=\"read-more\" href=\"https:\/\/isip-crr.infd.edu.ar\/sitio\/formacion-docente-continua\/\" aria-label=\"More on FORMACI\u00d3N DOCENTE CONTINUA\">[+]<\/a><\/p>\n","protected":false},"author":11,"featured_media":0,"parent":0,"menu_order":0,"comment_status":"closed","ping_status":"closed","template":"","meta":[],"acf":[],"_links":{"self":[{"href":"https:\/\/isip-crr.infd.edu.ar\/sitio\/wp-json\/wp\/v2\/pages\/852"}],"collection":[{"href":"https:\/\/isip-crr.infd.edu.ar\/sitio\/wp-json\/wp\/v2\/pages"}],"about":[{"href":"https:\/\/isip-crr.infd.edu.ar\/sitio\/wp-json\/wp\/v2\/types\/page"}],"author":[{"embeddable":true,"href":"https:\/\/isip-crr.infd.edu.ar\/sitio\/wp-json\/wp\/v2\/users\/11"}],"replies":[{"embeddable":true,"href":"https:\/\/isip-crr.infd.edu.ar\/sitio\/wp-json\/wp\/v2\/comments?post=852"}],"version-history":[{"count":1,"href":"https:\/\/isip-crr.infd.edu.ar\/sitio\/wp-json\/wp\/v2\/pages\/852\/revisions"}],"predecessor-version":[{"id":855,"href":"https:\/\/isip-crr.infd.edu.ar\/sitio\/wp-json\/wp\/v2\/pages\/852\/revisions\/855"}],"wp:attachment":[{"href":"https:\/\/isip-crr.infd.edu.ar\/sitio\/wp-json\/wp\/v2\/media?parent=852"}],"curies":[{"name":"wp","href":"https:\/\/api.w.org\/{rel}","templated":true}]}}