{"id":861,"date":"2022-10-27T16:13:59","date_gmt":"2022-10-27T19:13:59","guid":{"rendered":"https:\/\/isip-crr.infd.edu.ar\/sitio\/?page_id=861"},"modified":"2022-10-27T16:14:00","modified_gmt":"2022-10-27T19:14:00","slug":"apoyo-pedagogico-a-escuelas","status":"publish","type":"page","link":"https:\/\/isip-crr.infd.edu.ar\/sitio\/apoyo-pedagogico-a-escuelas\/","title":{"rendered":"APOYO PEDAG\u00d3GICO A ESCUELAS"},"content":{"rendered":"\n<p class=\"has-text-align-center\"><strong>ACUERDO DE COLABORACI\u00d3N INTEGRAL CON EL JIN N\u00b054<\/strong><\/p>\n\n\n\n<p>El Instituto brindar\u00e1 formaci\u00f3n docente gratuita al equipo docente del JIN N\u00b054 en relaci\u00f3n a la utilizaci\u00f3n de recursos digitales. Los docentes tendr\u00e1n un encuentro semanal con los especialistas y planificar\u00e1n en equipo la inclusi\u00f3n de los recursos digitales en sus pr\u00e1cticas diarias.<\/p>\n\n\n\n<p>Rubricaron el convenio el Rector del Instituto Superior para la Innovaci\u00f3n Pedag\u00f3gica Prof Lucas Luque, la Supervisora de Nivel Inicial Prof Esther Beatriz Torrez y la Directora del JIN 54 Prof Rosa Ojeda.<\/p>\n\n\n\n<figure class=\"wp-block-gallery columns-2 is-cropped wp-block-gallery-1 is-layout-flex\"><ul class=\"blocks-gallery-grid\"><li class=\"blocks-gallery-item\"><figure><img decoding=\"async\" loading=\"lazy\" width=\"1080\" height=\"810\" src=\"https:\/\/isip-crr.infd.edu.ar\/sitio\/wp-content\/uploads\/2022\/10\/WhatsApp-Image-2022-10-26-at-22.24.54.jpeg\" alt=\"\" data-id=\"862\" data-full-url=\"https:\/\/isip-crr.infd.edu.ar\/sitio\/wp-content\/uploads\/2022\/10\/WhatsApp-Image-2022-10-26-at-22.24.54.jpeg\" data-link=\"https:\/\/isip-crr.infd.edu.ar\/sitio\/?attachment_id=862#main\" class=\"wp-image-862\" srcset=\"https:\/\/isip-crr.infd.edu.ar\/sitio\/wp-content\/uploads\/2022\/10\/WhatsApp-Image-2022-10-26-at-22.24.54.jpeg 1080w, https:\/\/isip-crr.infd.edu.ar\/sitio\/wp-content\/uploads\/2022\/10\/WhatsApp-Image-2022-10-26-at-22.24.54-1000x750.jpeg 1000w, https:\/\/isip-crr.infd.edu.ar\/sitio\/wp-content\/uploads\/2022\/10\/WhatsApp-Image-2022-10-26-at-22.24.54-768x576.jpeg 768w\" sizes=\"(max-width: 1080px) 100vw, 1080px\" \/><\/figure><\/li><li class=\"blocks-gallery-item\"><figure><img decoding=\"async\" loading=\"lazy\" width=\"1040\" height=\"780\" src=\"https:\/\/isip-crr.infd.edu.ar\/sitio\/wp-content\/uploads\/2022\/10\/WhatsApp-Image-2022-10-26-at-22.27.29.jpeg\" alt=\"\" data-id=\"863\" data-full-url=\"https:\/\/isip-crr.infd.edu.ar\/sitio\/wp-content\/uploads\/2022\/10\/WhatsApp-Image-2022-10-26-at-22.27.29.jpeg\" data-link=\"https:\/\/isip-crr.infd.edu.ar\/sitio\/?attachment_id=863#main\" class=\"wp-image-863\" srcset=\"https:\/\/isip-crr.infd.edu.ar\/sitio\/wp-content\/uploads\/2022\/10\/WhatsApp-Image-2022-10-26-at-22.27.29.jpeg 1040w, https:\/\/isip-crr.infd.edu.ar\/sitio\/wp-content\/uploads\/2022\/10\/WhatsApp-Image-2022-10-26-at-22.27.29-1000x750.jpeg 1000w, https:\/\/isip-crr.infd.edu.ar\/sitio\/wp-content\/uploads\/2022\/10\/WhatsApp-Image-2022-10-26-at-22.27.29-768x576.jpeg 768w\" sizes=\"(max-width: 1040px) 100vw, 1040px\" \/><\/figure><\/li><\/ul><\/figure>\n","protected":false},"excerpt":{"rendered":"<p>ACUERDO DE COLABORACI\u00d3N INTEGRAL CON EL JIN N\u00b054 El Instituto brindar\u00e1 formaci\u00f3n docente gratuita al equipo docente del JIN N\u00b054 en relaci\u00f3n a la utilizaci\u00f3n de recursos digitales. Los docentes tendr\u00e1n un encuentro semanal con los especialistas y planificar\u00e1n en equipo la inclusi\u00f3n de los recursos digitales en sus pr\u00e1cticas diarias. Rubricaron el convenio el &#8230; <a title=\"APOYO PEDAG\u00d3GICO A ESCUELAS\" class=\"read-more\" href=\"https:\/\/isip-crr.infd.edu.ar\/sitio\/apoyo-pedagogico-a-escuelas\/\" aria-label=\"More on APOYO PEDAG\u00d3GICO A ESCUELAS\">[+]<\/a><\/p>\n","protected":false},"author":11,"featured_media":0,"parent":0,"menu_order":0,"comment_status":"closed","ping_status":"closed","template":"","meta":[],"acf":[],"_links":{"self":[{"href":"https:\/\/isip-crr.infd.edu.ar\/sitio\/wp-json\/wp\/v2\/pages\/861"}],"collection":[{"href":"https:\/\/isip-crr.infd.edu.ar\/sitio\/wp-json\/wp\/v2\/pages"}],"about":[{"href":"https:\/\/isip-crr.infd.edu.ar\/sitio\/wp-json\/wp\/v2\/types\/page"}],"author":[{"embeddable":true,"href":"https:\/\/isip-crr.infd.edu.ar\/sitio\/wp-json\/wp\/v2\/users\/11"}],"replies":[{"embeddable":true,"href":"https:\/\/isip-crr.infd.edu.ar\/sitio\/wp-json\/wp\/v2\/comments?post=861"}],"version-history":[{"count":1,"href":"https:\/\/isip-crr.infd.edu.ar\/sitio\/wp-json\/wp\/v2\/pages\/861\/revisions"}],"predecessor-version":[{"id":864,"href":"https:\/\/isip-crr.infd.edu.ar\/sitio\/wp-json\/wp\/v2\/pages\/861\/revisions\/864"}],"wp:attachment":[{"href":"https:\/\/isip-crr.infd.edu.ar\/sitio\/wp-json\/wp\/v2\/media?parent=861"}],"curies":[{"name":"wp","href":"https:\/\/api.w.org\/{rel}","templated":true}]}}