{"id":869,"date":"2025-10-17T17:44:04","date_gmt":"2025-10-17T20:44:04","guid":{"rendered":"https:\/\/isip-crr.infd.edu.ar\/sitio\/?page_id=869"},"modified":"2025-10-17T17:44:07","modified_gmt":"2025-10-17T20:44:07","slug":"inscripciones-abiertas","status":"publish","type":"page","link":"https:\/\/isip-crr.infd.edu.ar\/sitio\/inscripciones-abiertas\/","title":{"rendered":"Inscripciones Abiertas"},"content":{"rendered":"\n<div style=\"text-align: center; padding: 20px; background: linear-gradient(135deg, #f9f9f9, #e6f2f0); border-radius: 15px; box-shadow: 0 4px 15px rgba(0,0,0,0.1);\">\n<h2 style=\"color: #004b4b; font-size: 28px; margin-bottom: 10px;\">&#x1f4e3; Inscripciones Abiertas<\/h2>\n<h3 style=\"color: #e8561a; margin-bottom: 20px;\">Instituto Superior para la Innovaci\u00f3n Pedag\u00f3gica<\/h3>\n<p style=\"font-size: 18px; color: #333; margin-top: 25px; line-height: 1.5;\">Ya pod\u00e9s inscribirte a nuestras <strong>propuestas de formaci\u00f3n 2025<\/strong>:<\/p>\n<ul style=\"list-style: none; text-align: left; display: inline-block; font-size: 16px; color: #222;\">\n<li>&#x1f393; <strong>Especializaci\u00f3n Superior en Innovaci\u00f3n Pedag\u00f3gica con Orientaci\u00f3n en TIC<\/strong> \u2013 400 hs reloj<\/li>\n<li>&#x1f3eb; <strong>Diplomatura Superior en Gesti\u00f3n Directiva Centrada en la Ense\u00f1anza<\/strong> \u2013 600 hs reloj<\/li>\n<li>&#x1f916; <strong>Curso: Inteligencia Artificial: Desaf\u00edos y Oportunidades en la Formaci\u00f3n Docente<\/strong> \u2013 152 hs reloj<\/li>\n<\/ul>\n<p style=\"margin-top: 20px; font-weight: bold; color: #004b4b;\">Destinatarios: Docentes de todos los niveles<\/p>\n<a style=\"display: inline-block; background-color: #e8561a; color: #fff; padding: 12px 25px; border-radius: 30px; text-decoration: none; font-size: 18px; transition: background 0.3s ease;\" href=\"mailto:informesisip@gmail.com\">&#x1f4e9; Consultanos<\/a>\n<p style=\"margin-top: 20px; color: #333; font-size: 15px;\">&#x1f4de; 3777 679405 \u00a0 | \u00a0 Bartolom\u00e9 Mitre 382, Santa Luc\u00eda<\/p>\n<\/div>\n<p><img decoding=\"async\" loading=\"lazy\" class=\"size-medium wp-image-868 aligncenter\" src=\"https:\/\/isip-crr.infd.edu.ar\/sitio\/wp-content\/uploads\/2025\/10\/Inscrpcion-4-707x1000.png\" alt=\"\" width=\"707\" height=\"1000\" srcset=\"https:\/\/isip-crr.infd.edu.ar\/sitio\/wp-content\/uploads\/2025\/10\/Inscrpcion-4-707x1000.png 707w, https:\/\/isip-crr.infd.edu.ar\/sitio\/wp-content\/uploads\/2025\/10\/Inscrpcion-4-1343x1900.png 1343w, https:\/\/isip-crr.infd.edu.ar\/sitio\/wp-content\/uploads\/2025\/10\/Inscrpcion-4-768x1086.png 768w, https:\/\/isip-crr.infd.edu.ar\/sitio\/wp-content\/uploads\/2025\/10\/Inscrpcion-4-1086x1536.png 1086w, https:\/\/isip-crr.infd.edu.ar\/sitio\/wp-content\/uploads\/2025\/10\/Inscrpcion-4.png 1414w\" sizes=\"(max-width: 707px) 100vw, 707px\" \/><\/p>\n","protected":false},"excerpt":{"rendered":"<p>&#x1f4e3; Inscripciones Abiertas Instituto Superior para la Innovaci\u00f3n Pedag\u00f3gica Ya pod\u00e9s inscribirte a nuestras propuestas de formaci\u00f3n 2025: &#x1f393; Especializaci\u00f3n Superior en Innovaci\u00f3n Pedag\u00f3gica con Orientaci\u00f3n en TIC \u2013 400 hs reloj &#x1f3eb; Diplomatura Superior en Gesti\u00f3n Directiva Centrada en la Ense\u00f1anza \u2013 600 hs reloj &#x1f916; Curso: Inteligencia Artificial: Desaf\u00edos y Oportunidades en la &#8230; <a title=\"Inscripciones Abiertas\" class=\"read-more\" href=\"https:\/\/isip-crr.infd.edu.ar\/sitio\/inscripciones-abiertas\/\" aria-label=\"More on Inscripciones Abiertas\">[+]<\/a><\/p>\n","protected":false},"author":11,"featured_media":0,"parent":0,"menu_order":0,"comment_status":"closed","ping_status":"closed","template":"","meta":[],"acf":[],"_links":{"self":[{"href":"https:\/\/isip-crr.infd.edu.ar\/sitio\/wp-json\/wp\/v2\/pages\/869"}],"collection":[{"href":"https:\/\/isip-crr.infd.edu.ar\/sitio\/wp-json\/wp\/v2\/pages"}],"about":[{"href":"https:\/\/isip-crr.infd.edu.ar\/sitio\/wp-json\/wp\/v2\/types\/page"}],"author":[{"embeddable":true,"href":"https:\/\/isip-crr.infd.edu.ar\/sitio\/wp-json\/wp\/v2\/users\/11"}],"replies":[{"embeddable":true,"href":"https:\/\/isip-crr.infd.edu.ar\/sitio\/wp-json\/wp\/v2\/comments?post=869"}],"version-history":[{"count":1,"href":"https:\/\/isip-crr.infd.edu.ar\/sitio\/wp-json\/wp\/v2\/pages\/869\/revisions"}],"predecessor-version":[{"id":870,"href":"https:\/\/isip-crr.infd.edu.ar\/sitio\/wp-json\/wp\/v2\/pages\/869\/revisions\/870"}],"wp:attachment":[{"href":"https:\/\/isip-crr.infd.edu.ar\/sitio\/wp-json\/wp\/v2\/media?parent=869"}],"curies":[{"name":"wp","href":"https:\/\/api.w.org\/{rel}","templated":true}]}}